{"id":23783,"date":"2012-02-16T12:10:38","date_gmt":"2012-02-16T12:10:38","guid":{"rendered":"https:\/\/www.vita-europe.com\/beehealth\/product\/efb-diagnostic-test-kit\/"},"modified":"2025-02-11T10:50:47","modified_gmt":"2025-02-11T10:50:47","slug":"efb-diagnostic-test-kit-kit-de-prueba-de-diagnostico-para-efb","status":"publish","type":"product","link":"https:\/\/www.vita-europe.com\/beehealth\/es\/producto\/efb-diagnostic-test-kit-kit-de-prueba-de-diagnostico-para-efb\/","title":{"rendered":"EFB Diagnostic Test Kit (Kit de prueba de diagn\u00f3stico para la loque europea)"},"content":{"rendered":"\n<div class=\"wp-block-columns is-layout-flex wp-container-core-columns-is-layout-9d6595d7 wp-block-columns-is-layout-flex\">\n<div class=\"wp-block-column is-layout-flow wp-block-column-is-layout-flow\" style=\"flex-basis:50%\">\n<figure class=\"wp-block-image size-large\"><img loading=\"lazy\" decoding=\"async\" width=\"1024\" height=\"683\" src=\"https:\/\/www.vita-europe.com\/beehealth\/wp-content\/uploads\/\/vita-efb-diagnostic-kit-1024x683.jpg\" alt=\"\" class=\"wp-image-23283\" srcset=\"https:\/\/www.vita-europe.com\/beehealth\/wp-content\/uploads\/vita-efb-diagnostic-kit-1024x683.jpg 1024w, https:\/\/www.vita-europe.com\/beehealth\/wp-content\/uploads\/vita-efb-diagnostic-kit-300x200.jpg 300w, https:\/\/www.vita-europe.com\/beehealth\/wp-content\/uploads\/vita-efb-diagnostic-kit-768x512.jpg 768w, https:\/\/www.vita-europe.com\/beehealth\/wp-content\/uploads\/vita-efb-diagnostic-kit-1536x1024.jpg 1536w, https:\/\/www.vita-europe.com\/beehealth\/wp-content\/uploads\/vita-efb-diagnostic-kit.jpg 1600w\" sizes=\"auto, (max-width: 1024px) 100vw, 1024px\" \/><\/figure>\n<\/div>\n\n\n\n<div class=\"wp-block-column is-layout-flow wp-block-column-is-layout-flow\" style=\"flex-basis:50%\">\n<figure class=\"wp-block-image size-large\"><img loading=\"lazy\" decoding=\"async\" width=\"1024\" height=\"683\" src=\"https:\/\/www.vita-europe.com\/beehealth\/wp-content\/uploads\/\/vita-afb-diagnostic-kit-1024x683.jpg\" alt=\"\" class=\"wp-image-23253\" srcset=\"https:\/\/www.vita-europe.com\/beehealth\/wp-content\/uploads\/vita-afb-diagnostic-kit-1024x683.jpg 1024w, https:\/\/www.vita-europe.com\/beehealth\/wp-content\/uploads\/vita-afb-diagnostic-kit-300x200.jpg 300w, https:\/\/www.vita-europe.com\/beehealth\/wp-content\/uploads\/vita-afb-diagnostic-kit-768x512.jpg 768w, https:\/\/www.vita-europe.com\/beehealth\/wp-content\/uploads\/vita-afb-diagnostic-kit-1536x1024.jpg 1536w, https:\/\/www.vita-europe.com\/beehealth\/wp-content\/uploads\/vita-afb-diagnostic-kit.jpg 1600w\" sizes=\"auto, (max-width: 1024px) 100vw, 1024px\" \/><\/figure>\n<\/div>\n<\/div>\n\n\n\n<div style=\"height:25px\" aria-hidden=\"true\" class=\"wp-block-spacer\"><\/div>\n\n\n\n<p>El Kit de prueba de diagn\u00f3stico de Vita para la Loque europea (Vita European Foulbrood (EFB) Diagnostic Test Kit) permite a los apicultores y a los inspectores del sector realizar la prueba para la <a href=\"https:\/\/www.vita-europe.com\/beehealth\/es\/disease\/loque-europea\/\">EFB<\/a> en las larvas de abejas mel\u00edferas y obtener los resultados inmediato y f\u00e1cilmente en el mismo lugar.<\/p>\n\n\n\n<hr class=\"wp-block-separator has-alpha-channel-opacity\"\/>\n\n\n\n<h2 class=\"wp-block-heading\">Datos clave<\/h2>\n\n\n\n<ul class=\"wp-block-list\">\n<li>Funciona como un test de embarazo y reacciona espec\u00edficamente a los anticuerpos asociados con el pat\u00f3geno <em><i>Melissococcus plutonius<\/i><\/em>, que causa la <a title=\"European Foulbrood (EFB)\" href=\"https:\/\/www.vita-europe.com\/beehealth\/es\/disease\/loque-europea\/\">EFB<\/a> en las abejas mel\u00edferas.<\/li>\n\n\n\n<li>El kit tiene el mismo rendimiento que las pruebas de laboratorio est\u00e1ndar para la detecci\u00f3n de EFB. Ha sido validado por la Unidad Nacional de Abejas de la Agencia de Investigaci\u00f3n de Alimentos y Medio Ambiente (FERA) en York, as\u00ed como en otros institutos a nivel internacional. Ha sido desarrollado para Vita por la secci\u00f3n de Diagn\u00f3sticos de Foresight en FERA en York, Reino Unido.<\/li>\n\n\n\n<li>El test de prueba de EFB es similar y complementa al <a title=\"AFB Diagnostic Test Kit\" href=\"https:\/\/www.vita-europe.com\/beehealth\/es\/producto\/afb-diagnostic-test-kit\/\" target=\"_blank\" rel=\"noopener noreferrer\">kit de prueba de diagn\u00f3stico para la AFB,<\/a> que detecta el <em><i>Paenibacillus larvae <\/i>subespecie<i> Larvae<\/i>, <\/em>causante de la AFB en las abejas mel\u00edferas.<\/li>\n<\/ul>\n\n\n\n<hr class=\"wp-block-separator has-alpha-channel-opacity\"\/>\n\n\n\n<h2 class=\"wp-block-heading\">C\u00f3mo utilizar el test de prueba de EFB<\/h2>\n\n\n\n<figure class=\"wp-block-embed is-type-video is-provider-youtube wp-block-embed-youtube wp-embed-aspect-16-9 wp-has-aspect-ratio\"><div class=\"wp-block-embed__wrapper\">\n<iframe loading=\"lazy\" title=\"How to use Vita Test Kit for European Foulbrood\" width=\"1400\" height=\"788\" src=\"https:\/\/www.youtube.com\/embed\/N9wIT6xq_zY?feature=oembed\" frameborder=\"0\" allow=\"accelerometer; autoplay; clipboard-write; encrypted-media; gyroscope; picture-in-picture; web-share\" referrerpolicy=\"strict-origin-when-cross-origin\" allowfullscreen><\/iframe>\n<\/div><\/figure>\n\n\n\n<ul class=\"wp-block-list\">\n<li>Extraiga con las esp\u00e1tula una larva que muestre s\u00edntomas sospechosos. Puede tomar como muestra varias larvas si fuera necesario, PERO no ponga demasiado material org\u00e1nico en el frasco de muestras, ya que podr\u00eda obstruir el dispositivo. Solo son necesarias muestras muy peque\u00f1as.<\/li>\n\n\n\n<li>Desenrosque la tapa del frasco. Use la esp\u00e1tula para depositar la muestra en el frasco. Vuelva a colocar la tapa y agite vigorosamente durante unos 20 segundos. TENGA CUIDADO<\/li>\n\n\n\n<li>Tome un Dispositivo de Prueba del paquete de aluminio. ADVERTENCIA No toque la ventana de visualizaci\u00f3n.<\/li>\n\n\n\n<li>Desenrosque la tapa del frasco y use la pipeta suministrada para extraer una muestra del frasco. Para obtener los mejores resultados extraiga la muestra inmediatamente despu\u00e9s de agitar para evitar que las bacterias se asienten fuera de la suspensi\u00f3n.<\/li>\n\n\n\n<li>Utilice el Dispositivo de Prueba en sentido horizontal y aplique suavemente dos gotas en el agujero del dispositivo.<\/li>\n\n\n\n<li>Mantenga el dispositivo horizontal hasta que el extracto sea absorbido (unos 30 segundos) y se observe como el agua es absorbida por el papel.<\/li>\n\n\n\n<li>Espere hasta que aparezca la l\u00ednea del control (denominada C) y lea el resultado (de 3 a 10 minutos)<br><figure><img decoding=\"async\" src=\"https:\/\/www.vita-europe.com\/beehealth\/wp-content\/uploads\/afb-procedure.svg\" alt=\"\"><\/figure><\/li>\n<\/ul>\n\n\n\n<p>Se pueden utilizar muestras completas o parciales, pero se recomienda utilizar una larva infectada entera para obtener el mejor resultado.<\/p>\n\n\n\n<hr class=\"wp-block-separator has-alpha-channel-opacity\"\/>\n\n\n\n<h2 class=\"wp-block-heading\"><a title=\"kit\" name=\"kit\"><\/a>Contenido del kit<\/h2>\n\n\n<div class=\"wp-block-image\">\n<figure class=\"aligncenter size-large is-resized\"><img loading=\"lazy\" decoding=\"async\" width=\"243\" height=\"147\" src=\"https:\/\/www.vita-europe.com\/beehealth\/wp-content\/uploads\/afb-components.svg\" alt=\"\" class=\"wp-image-23577\" style=\"width:400px\"\/><\/figure>\n<\/div>\n\n\n<hr class=\"wp-block-separator has-alpha-channel-opacity\"\/>\n\n\n\n<h2 class=\"wp-block-heading\">Lectura de los resultados<\/h2>\n\n\n\n<ul class=\"wp-block-list\">\n<li>Un resultado positivo (aparecen dos l\u00edneas \u2013 Prueba y Control, ver m\u00e1s abajo) indica que el pat\u00f3geno objetivo est\u00e1 presente en la muestra de prueba, es decir, la larva muestreada est\u00e1 infectada por el pat\u00f3geno de la Loque Europea.<\/li>\n\n\n\n<li>Un resultado negativo (solamente aparece la l\u00ednea de Control, sin la l\u00ednea de Prueba) indica que el pat\u00f3geno EFB no se ha detectado en la muestra de prueba.<\/li>\n<\/ul>\n\n\n<div class=\"wp-block-image\">\n<figure class=\"aligncenter size-large is-resized\"><img loading=\"lazy\" decoding=\"async\" width=\"317\" height=\"90\" src=\"https:\/\/www.vita-europe.com\/beehealth\/wp-content\/uploads\/efb-lateral-flow.svg\" alt=\"\" class=\"wp-image-23590\" style=\"width:600px\"\/><\/figure>\n<\/div>\n\n\n<ul class=\"wp-block-list\">\n<li>Se dispone de espacio en la etiqueta en el reverso del dispositivo para escribir los detalles tales como identificaci\u00f3n de la muestra, fecha y resultado. Tambi\u00e9n en el reverso se encuentra el n\u00famero de lote de cada dispositivo. De haber problemas con cualquier dispositivo, cite por favor este n\u00famero de lote al ponerse en contacto con Vita (Europe) Limited.<\/li>\n\n\n\n<li>Deseche cuidadosamente de la prueba usada y ayude a mantener el medio ecol\u00f3gico del lugar en buen estado.<\/li>\n\n\n\n<li>\u00bfQu\u00e9 significa el resultado?<\/li>\n\n\n\n<li>Dos l\u00edneas azules (C y T) indica un resultado positivo, la prueba result\u00f3 bien.<\/li>\n\n\n\n<li>Una l\u00ednea azul (C solamente) indica un resultado negativo, la prueba result\u00f3 bien.<\/li>\n\n\n\n<li>Una l\u00ednea T azul apenas visible y una l\u00ednea C intensa indica un resultado posiblemente positivo, buen desempe\u00f1o de la prueba.<\/li>\n\n\n\n<li>Una l\u00ednea azul (T solamente) indica que la prueba no result\u00f3.<\/li>\n\n\n\n<li>Sin l\u00edneas presentes indica que la prueba no result\u00f3.<\/li>\n\n\n\n<li>La l\u00ednea C o T de color marr\u00f3n indica que la prueba no result\u00f3.<\/li>\n<\/ul>\n\n\n\n<p>Si la prueba no result\u00f3 recomendamos que se realice otra prueba usando una nueva muestra de la misma combinaci\u00f3n original con un nuevo dispositivo. En caso de persistir los problemas, por favor cont\u00e1ctenos.<\/p>\n\n\n\n<p>Nota: Al igual que con todas las pruebas de diagn\u00f3stico, una reacci\u00f3n negativa no necesariamente indica la ausencia del pat\u00f3geno objetivo. Una l\u00ednea apenas visible o ausente puede indicar una baja concentraci\u00f3n del pat\u00f3geno, o una infecci\u00f3n reciente. Si tiene duda, repita la prueba con un nuevo dispositivo usando una muestra obtenida recientemente o rep\u00edtala en el plazo de unos d\u00edas.<\/p>\n\n\n\n<hr class=\"wp-block-separator has-alpha-channel-opacity\"\/>\n\n\n\n<h2 class=\"wp-block-heading\">Almacenamiento y manipulaci\u00f3n del Kit<\/h2>\n\n\n\n<ul class=\"wp-block-list\">\n<li>Los kits pueden utilizarse solamente una vez y son desechables.<\/li>\n\n\n\n<li>El paquete de aluminio deber\u00e1 mantenerse sin abrir y almacenarse a temperatura ambiente (alrededor de 18 \u2013 25 \u00b0C) hasta que se requiera.<\/li>\n\n\n\n<li>Los dispositivos deben mantenerse secos en todo momento.<\/li>\n\n\n\n<li>Una vez que se haya abierto el paquete de aluminio el per\u00edodo de validez de los dispositivos no est\u00e1 garantizado, por lo que deber\u00eda utilizarse tan pronto como sea posible despu\u00e9s de la apertura.<\/li>\n\n\n\n<li>No deber\u00e1 tocarse la ventana del dispositivo de prueba.<\/li>\n\n\n\n<li>Si el dispositivo aparece da\u00f1ado, raspado, o marcado de cualquier manera, por favor cont\u00e1ctenos.<\/li>\n\n\n\n<li>Lea todas las instrucciones antes de utilizar los kits de prueba.<\/li>\n\n\n\n<li>ADVERTENCIA: Este kit contiene azida s\u00f3dica en el tamp\u00f3n de extracci\u00f3n, la cual es una sustancia t\u00f3xica. Manipule cuidadosamente y evite la ingesti\u00f3n y el contacto con la piel. La azida s\u00f3dica puede formar azidas de cobre o plomo explosivas en sistemas de tuber\u00edas. Siempre deseche el material que contenga azida irrigando abundantemente con agua.<\/li>\n<\/ul>\n\n\n\n<hr class=\"wp-block-separator has-alpha-channel-opacity\"\/>\n\n\n\n<h2 class=\"wp-block-heading\">Soluci\u00f3n de problemas<\/h2>\n\n\n\n<figure class=\"wp-block-table\"><table class=\"has-fixed-layout\"><tbody><tr><td><strong>Problema<\/strong><\/td><td><strong>Causa \/ Soluci\u00f3n<\/strong><\/td><\/tr><tr><td>No se mezcla la muestra<\/td><td>Extracci\u00f3n ineficiente debido a que la muestra es muy grande o muy peque\u00f1a. Pruebe utilizar una muestra recientemente obtenida o agite vigorosamente.<\/td><\/tr><tr><td>No hay flujo del colorante azul<\/td><td>A\u00f1ada una gota adicional, una a la vez hasta que se logre el flujo.<\/td><\/tr><tr><td>No est\u00e1 visible la l\u00ednea de control<\/td><td>Se a\u00f1ade demasiada muestra; se inunda la prueba. Repita con un nuevo dispositivo y a\u00f1ada solamente dos o tres gotas.<br>Los componentes de flujo se han mojado o expuesto a condiciones h\u00famedas. Repita con un nuevo dispositivo.<\/td><\/tr><tr><td>Est\u00e1n visibles l\u00edneas de color marr\u00f3n (no azul)<\/td><td>Las l\u00edneas marr\u00f3n se producen debido a que la muestra est\u00e1 concentrada, y debido a la identificaci\u00f3n de un pat\u00f3geno espec\u00edfico. Repita con una muestra nueva, menos concentrada.<\/td><\/tr><tr><td>L\u00edneas apenas perceptibles<\/td><td>Baja concentraci\u00f3n del pat\u00f3geno o baja concentraci\u00f3n en la muestra debido a que el tama\u00f1o de la muestra es demasiado peque\u00f1o o la muestra no se ha agitado vigorosamente o el tiempo suficiente.<\/td><\/tr><tr><td>Dispositivos\/Frascos da\u00f1ados<\/td><td>Por favor contacte con Vita directamente. Por favor cite el n\u00famero de lote como referencia.<\/td><\/tr><tr><td>Las l\u00edneas desaparecen despu\u00e9s de unas cuantas horas<\/td><td>Enzimas degradantes en la muestra han da\u00f1ado a los anticuerpos. Lea las pruebas solamente en el transcurso de 30 minutos, no las lea despu\u00e9s.de este tiempo.<\/td><\/tr><\/tbody><\/table><\/figure>\n\n\n\n<hr class=\"wp-block-separator has-alpha-channel-opacity\"\/>\n\n\n\n<h2 class=\"wp-block-heading\"><a title=\"info\" name=\"info\"><\/a>M\u00e1s informaci\u00f3n<\/h2>\n\n\n\n<p class=\"downloads-list\"><a href=\"https:\/\/www.vita-europe.com\/beehealth\/wp-content\/uploads\/Melissococcus-plutonius-Isolation-from-Honeybee-Brood-Samples-with-European-Foulbrood-in-some-Italian-Regions.pdf\" target=\"_blank\" rel=\"noopener noreferrer\">Melissococcus plutonius Isolation from Honeybee Brood Samples with European Foulbrood in some Italian Regions<\/a> (pdf)<\/p>\n\n\n\n<p>Consulte tambi\u00e9n el<a href=\"https:\/\/www.vita-europe.com\/beehealth\/es\/producto\/afb-diagnostic-test-kit\/\" target=\"_blank\" rel=\"noopener noreferrer\"> kit de prueba de diagn\u00f3stico de Vita para la loque americana (AFB)<\/a><\/p>\n","protected":false},"excerpt":{"rendered":"<p>El Kit de prueba de diagn\u00f3stico de Vita para la Loque europea (Vita European Foulbrood (EFB) Diagnostic Test Kit) permite a los apicultores y a los inspectores del sector realizar la prueba para la EFB en las larvas de abejas mel\u00edferas y obtener los resultados inmediata y f\u00e1cilmente en el mismo lugar.<\/p>\n","protected":false},"author":1507,"featured_media":23287,"menu_order":6,"comment_status":"open","ping_status":"closed","template":"","tags":[],"class_list":["post-23783","product","type-product","status-publish","has-post-thumbnail","hentry","product_type-kits-de-diagnostico"],"acf":[],"yoast_head":"<!-- This site is optimized with the Yoast SEO plugin v27.4 - https:\/\/yoast.com\/product\/yoast-seo-wordpress\/ -->\n<title>Vita Bee Health<\/title>\n<meta name=\"robots\" content=\"index, follow, max-snippet:-1, max-image-preview:large, max-video-preview:-1\" \/>\n<meta property=\"og:locale\" content=\"es_ES\" \/>\n<meta property=\"og:type\" content=\"article\" \/>\n<meta property=\"og:site_name\" content=\"Vita Bee Health\" \/>\n<meta name=\"twitter:card\" content=\"summary_large_image\" \/>\n<meta name=\"twitter:site\" content=\"@VitaBeeHealth\" \/>\n<script type=\"application\/ld+json\" class=\"yoast-schema-graph\">{\"@context\":\"https:\\\/\\\/schema.org\",\"@graph\":[{\"@type\":\"CollectionPage\",\"@id\":null,\"url\":\"\",\"name\":\"\",\"isPartOf\":{\"@id\":\"https:\\\/\\\/www.vita-europe.com\\\/beehealth\\\/#website\"},\"inLanguage\":\"es\"},{\"@type\":\"WebSite\",\"@id\":\"https:\\\/\\\/www.vita-europe.com\\\/beehealth\\\/#website\",\"url\":\"https:\\\/\\\/www.vita-europe.com\\\/beehealth\\\/\",\"name\":\"Vita Bee Health\",\"description\":\"Global Honeybee Health Experts\",\"potentialAction\":[{\"@type\":\"SearchAction\",\"target\":{\"@type\":\"EntryPoint\",\"urlTemplate\":\"https:\\\/\\\/www.vita-europe.com\\\/beehealth\\\/?s={search_term_string}\"},\"query-input\":{\"@type\":\"PropertyValueSpecification\",\"valueRequired\":true,\"valueName\":\"search_term_string\"}}],\"inLanguage\":\"es\"}]}<\/script>\n<!-- \/ Yoast SEO plugin. -->","yoast_head_json":{"title":"Vita Bee Health","robots":{"index":"index","follow":"follow","max-snippet":"max-snippet:-1","max-image-preview":"max-image-preview:large","max-video-preview":"max-video-preview:-1"},"og_locale":"es_ES","og_type":"article","og_site_name":"Vita Bee Health","twitter_card":"summary_large_image","twitter_site":"@VitaBeeHealth","schema":{"@context":"https:\/\/schema.org","@graph":[{"@type":"CollectionPage","@id":null,"url":"","name":"","isPartOf":{"@id":"https:\/\/www.vita-europe.com\/beehealth\/#website"},"inLanguage":"es"},{"@type":"WebSite","@id":"https:\/\/www.vita-europe.com\/beehealth\/#website","url":"https:\/\/www.vita-europe.com\/beehealth\/","name":"Vita Bee Health","description":"Global Honeybee Health Experts","potentialAction":[{"@type":"SearchAction","target":{"@type":"EntryPoint","urlTemplate":"https:\/\/www.vita-europe.com\/beehealth\/?s={search_term_string}"},"query-input":{"@type":"PropertyValueSpecification","valueRequired":true,"valueName":"search_term_string"}}],"inLanguage":"es"}]}},"_links":{"self":[{"href":"https:\/\/www.vita-europe.com\/beehealth\/es\/wp-json\/wp\/v2\/product\/23783","targetHints":{"allow":["GET"]}}],"collection":[{"href":"https:\/\/www.vita-europe.com\/beehealth\/es\/wp-json\/wp\/v2\/product"}],"about":[{"href":"https:\/\/www.vita-europe.com\/beehealth\/es\/wp-json\/wp\/v2\/types\/product"}],"author":[{"embeddable":true,"href":"https:\/\/www.vita-europe.com\/beehealth\/es\/wp-json\/wp\/v2\/users\/1507"}],"replies":[{"embeddable":true,"href":"https:\/\/www.vita-europe.com\/beehealth\/es\/wp-json\/wp\/v2\/comments?post=23783"}],"wp:featuredmedia":[{"embeddable":true,"href":"https:\/\/www.vita-europe.com\/beehealth\/es\/wp-json\/wp\/v2\/media\/23287"}],"wp:attachment":[{"href":"https:\/\/www.vita-europe.com\/beehealth\/es\/wp-json\/wp\/v2\/media?parent=23783"}],"wp:term":[{"taxonomy":"post_tag","embeddable":true,"href":"https:\/\/www.vita-europe.com\/beehealth\/es\/wp-json\/wp\/v2\/tags?post=23783"}],"curies":[{"name":"wp","href":"https:\/\/api.w.org\/{rel}","templated":true}]}}